{"id":2,"date":"2020-02-20T16:14:13","date_gmt":"2020-02-20T16:14:13","guid":{"rendered":"https:\/\/nomolesten.com\/pro\/?page_id=2"},"modified":"2020-03-30T16:07:48","modified_gmt":"2020-03-30T16:07:48","slug":"pagina-ejemplo","status":"publish","type":"page","link":"https:\/\/nomolesten.com\/pro\/","title":{"rendered":"\u00bfQuieres ver tu alojamiento en Nomolesten?"},"content":{"rendered":"<p>[vc_row full_width=\u00bbstretch_row_content_no_spaces\u00bb parallax=\u00bbcontent-moving\u00bb css=\u00bb.vc_custom_1585584454020{margin-bottom: 40px !important;padding-top: 60px !important;padding-bottom: 60px !important;background: #0a0a0a url(https:\/\/nomolesten.com\/pro\/wp-content\/uploads\/2020\/03\/PRO3-1.jpg?id=106);background-position: center;background-repeat: no-repeat !important;background-size: cover !important;}\u00bb el_id=\u00bbheader-nm\u00bb][vc_column][vc_single_image image=\u00bb17&#8243; img_size=\u00bbfull\u00bb alignment=\u00bbcenter\u00bb css_animation=\u00bbfadeIn\u00bb css=\u00bb.vc_custom_1585497185622{padding-top: 2em !important;padding-right: 2em !important;padding-bottom: 2em !important;padding-left: 2em !important;}\u00bb][vc_custom_heading source=\u00bbpost_title\u00bb font_container=\u00bbtag:h1|font_size:2em|text_align:center|color:%23ffffff\u00bb google_fonts=\u00bbfont_family:Droid%20Sans%3Aregular%2C700|font_style:700%20bold%20regular%3A700%3Anormal\u00bb css_animation=\u00bbfadeIn\u00bb css=\u00bb.vc_custom_1585496762854{margin-bottom: 40px !important;}\u00bb][\/vc_column][\/vc_row][vc_row][vc_column][vc_custom_heading text=\u00bbEst\u00e1s muy cerca de ser Nomolesten\u00bb font_container=\u00bbtag:h2|text_align:center\u00bb use_theme_fonts=\u00bbyes\u00bb][\/vc_column][\/vc_row][vc_row el_id=\u00bbformulario\u00bb][vc_column][vc_column_text]<\/p>\n<p class=\"p1\"><span class=\"s1\">Cumple con nuestros criterios de calidad, donde se tienen en cuenta diversidad de criterios (valoraciones de hu\u00e9spedes, ubicaci\u00f3n, arquitectura, decoraci\u00f3n, personalizaci\u00f3n y detalles, pasi\u00f3n, mimo, servicio al cliente, servicios del alojamiento&#8230;)<\/span><\/p>\n<p class=\"p1\"><span class=\"s1\">Rellena el siguiente formulario o env\u00edanos un correo a <a href=\"mailto:admin@nomolesten.com\">admin@nomolesten.com<\/a> con los datos del alojamientos, p\u00e1gina web y datos de contacto, nosotros nos encargamos del resto.<\/span><\/p>\n<p>[\/vc_column_text]<div role=\"form\" class=\"wpcf7\" id=\"wpcf7-f14-o1\" lang=\"es-ES\" dir=\"ltr\">\n<div class=\"screen-reader-response\"><p role=\"status\" aria-live=\"polite\" aria-atomic=\"true\"><\/p> <ul><\/ul><\/div>\n<form action=\"\/pro\/wp-json\/wp\/v2\/pages\/2#wpcf7-f14-o1\" method=\"post\" class=\"wpcf7-form init\" novalidate=\"novalidate\" data-status=\"init\">\n<div style=\"display: none;\">\n<input type=\"hidden\" name=\"_wpcf7\" value=\"14\" \/>\n<input type=\"hidden\" name=\"_wpcf7_version\" value=\"5.3.1\" \/>\n<input type=\"hidden\" name=\"_wpcf7_locale\" value=\"es_ES\" \/>\n<input type=\"hidden\" name=\"_wpcf7_unit_tag\" value=\"wpcf7-f14-o1\" \/>\n<input type=\"hidden\" name=\"_wpcf7_container_post\" value=\"0\" \/>\n<input type=\"hidden\" name=\"_wpcf7_posted_data_hash\" value=\"\" \/>\n<\/div>\n<p><label> Nombre de la persona de contacto<br \/>\n    <span class=\"wpcf7-form-control-wrap nombre-contacto\"><input type=\"text\" name=\"nombre-contacto\" value=\"\" size=\"40\" class=\"wpcf7-form-control wpcf7-text wpcf7-validates-as-required\" aria-required=\"true\" aria-invalid=\"false\" \/><\/span> <\/label><\/p>\n<p><label> Nombre del hotel<br \/>\n    <span class=\"wpcf7-form-control-wrap nombre-hotel\"><input type=\"text\" name=\"nombre-hotel\" value=\"\" size=\"40\" class=\"wpcf7-form-control wpcf7-text wpcf7-validates-as-required\" aria-required=\"true\" aria-invalid=\"false\" \/><\/span> <\/label><\/p>\n<p><label> Email<br \/>\n    <span class=\"wpcf7-form-control-wrap email\"><input type=\"email\" name=\"email\" value=\"\" size=\"40\" class=\"wpcf7-form-control wpcf7-text wpcf7-email wpcf7-validates-as-required wpcf7-validates-as-email\" aria-required=\"true\" aria-invalid=\"false\" \/><\/span> <\/label><\/p>\n<p><label> Tel\u00e9fono<br \/>\n    <span class=\"wpcf7-form-control-wrap telefono\"><input type=\"tel\" name=\"telefono\" value=\"\" size=\"40\" class=\"wpcf7-form-control wpcf7-text wpcf7-tel wpcf7-validates-as-tel\" aria-invalid=\"false\" \/><\/span> <\/label><\/p>\n<p><label> Web del hotel<br \/>\n<span class=\"wpcf7-form-control-wrap web-hotel\"><input type=\"url\" name=\"web-hotel\" value=\"\" size=\"40\" class=\"wpcf7-form-control wpcf7-text wpcf7-url wpcf7-validates-as-url\" aria-invalid=\"false\" \/><\/span> <\/label><\/p>\n<p><label> Mensaje<br \/>\n<span class=\"wpcf7-form-control-wrap mensaje\"><textarea name=\"mensaje\" cols=\"40\" rows=\"3\" class=\"wpcf7-form-control wpcf7-textarea\" aria-invalid=\"false\"><\/textarea><\/span> <\/label><\/p>\n<p><span class=\"wpcf7-form-control-wrap privacidad\"><span class=\"wpcf7-form-control wpcf7-acceptance\"><span class=\"wpcf7-list-item\"><label><input type=\"checkbox\" name=\"privacidad\" value=\"1\" aria-invalid=\"false\" \/><span class=\"wpcf7-list-item-label\">He leido y acepto el aviso legal y la pol\u00edtica de privacidad.<\/span><\/label><\/span><\/span><\/span><\/p>\n<p><input type=\"submit\" value=\"Enviar\" class=\"wpcf7-form-control wpcf7-submit\" \/><\/p>\n<div class=\"wpcf7-response-output\" aria-hidden=\"true\"><\/div><\/form><\/div>[\/vc_column][\/vc_row][vc_row css=\u00bb.vc_custom_1585495991346{margin-top: 80px !important;margin-bottom: 40px !important;}\u00bb][vc_column][vc_separator][\/vc_column][\/vc_row][vc_row][vc_column][vc_custom_heading text=\u00bb\u00bfPor qu\u00e9 ser Nomolesten?\u00bb font_container=\u00bbtag:h1|text_align:center\u00bb google_fonts=\u00bbfont_family:Droid%20Sans%3Aregular%2C700|font_style:700%20bold%20regular%3A700%3Anormal\u00bb][vc_custom_heading text=\u00bbNuestra comunidad de fans de Alojamientos con Encanto crece d\u00eda a d\u00eda\u00bb font_container=\u00bbtag:h2|text_align:center\u00bb use_theme_fonts=\u00bbyes\u00bb][\/vc_column][\/vc_row][vc_row][vc_column width=\u00bb1\/3&#8243;][vc_single_image image=\u00bb50&#8243; img_size=\u00bbfull\u00bb alignment=\u00bbcenter\u00bb css_animation=\u00bbfadeIn\u00bb css=\u00bb.vc_custom_1585495326676{padding-top: 2em !important;padding-right: 2em !important;padding-bottom: 2em !important;padding-left: 2em !important;}\u00bb][\/vc_column][vc_column width=\u00bb2\/3&#8243;][vc_column_text]<\/p>\n<ul class=\"ul1\">\n<li class=\"li1\"><span class=\"s1\">Alojamientos con Encanto minuciosamente seleccionados.<\/span><\/li>\n<li class=\"li1\"><span class=\"s1\">+5.500.000 p\u00e1ginas vistas anuales.<\/span><\/li>\n<li class=\"li1\"><span class=\"s1\">+1.7000.000 sesiones anuales.<\/span><\/li>\n<li class=\"li1\"><span class=\"s1\">+400.000 intenciones de reserva.<\/span><\/li>\n<li class=\"li1\"><span class=\"s1\">+110..000 fans en redes sociales, con muy alto nivel de engagement.<\/span><\/li>\n<li class=\"li1\"><span class=\"s1\">Posicionamiento org\u00e1nico natural en primeras posiciones de google.<\/span><\/li>\n<li class=\"li1\"><span class=\"s1\">Contenidos en constante actualizaci\u00f3n. <\/span><\/li>\n<li class=\"li1\"><span class=\"s1\">Blog con publicaci\u00f3n semanal y notas de prensa.<\/span><\/li>\n<\/ul>\n<p>[\/vc_column_text][\/vc_column][\/vc_row][vc_row css=\u00bb.vc_custom_1585499038157{margin-top: 40px !important;margin-bottom: 40px !important;}\u00bb][vc_column][vc_separator][\/vc_column][\/vc_row][vc_row][vc_column][vc_custom_heading text=\u00bbIncrementa tus Reservas\u00bb font_container=\u00bbtag:h2|text_align:center\u00bb use_theme_fonts=\u00bbyes\u00bb][\/vc_column][\/vc_row][vc_row][vc_column width=\u00bb2\/3&#8243;][vc_column_text]<\/p>\n<ul class=\"ul1\">\n<li class=\"li1\"><span class=\"s1\">Tu alojamiento m\u00e1s visible.<\/span><\/li>\n<li class=\"li1\"><span class=\"s1\">Optimiza resultados apareciendo en p\u00e1ginas estrat\u00e9gicas de servicios personalizados (hoteles rom\u00e1nticos, con spa, con jacuzzi en la habitaci\u00f3n, rurales, con chimenea, familiares, donde admiten mascotas&#8230;).<\/span><\/li>\n<li class=\"li1\"><span class=\"s1\">Llega a un p\u00fablico objetivo 100% interesado en alojameintos con encanto y turismo rural. <\/span><\/li>\n<li class=\"li1\"><span class=\"s1\">Promocionamos tu alojamiento en nuestras redes sociales.<\/span><\/li>\n<li class=\"li1\"><span class=\"s1\">Menci\u00f3n en nuestro Blog con Post relacionado de inter\u00e9s o zona geogr\u00e1fica.<\/span><\/li>\n<\/ul>\n<p>[\/vc_column_text][\/vc_column][vc_column width=\u00bb1\/3&#8243;][vc_single_image image=\u00bb51&#8243; img_size=\u00bbfull\u00bb alignment=\u00bbcenter\u00bb css_animation=\u00bbfadeIn\u00bb css=\u00bb.vc_custom_1585495335885{padding-top: 2em !important;padding-right: 2em !important;padding-bottom: 2em !important;padding-left: 2em !important;}\u00bb][\/vc_column][\/vc_row][vc_row css=\u00bb.vc_custom_1585499002928{margin-top: 40px !important;margin-bottom: 100px !important;}\u00bb][vc_column][vc_btn title=\u00bbNo lo dudes, hazte Nomolesten\u00bb style=\u00bbflat\u00bb color=\u00bbprimary\u00bb size=\u00bblg\u00bb align=\u00bbcenter\u00bb i_icon_fontawesome=\u00bbfas fa-arrow-circle-up\u00bb css_animation=\u00bbbounceIn\u00bb button_block=\u00bbtrue\u00bb add_icon=\u00bbtrue\u00bb el_class=\u00bbboton-cta\u00bb link=\u00bburl:%23formulario|||\u00bb][\/vc_column][\/vc_row][vc_row full_width=\u00bbstretch_row_content_no_spaces\u00bb css=\u00bb.vc_custom_1585492723180{margin-top: 60px !important;background-color: #0a0a0a !important;}\u00bb][vc_column][vc_column_text]<\/p>\n<div class=\"col-md-4\" style=\"text-align: center;\"><span style=\"color: #ffffff;\">2020 NOMOLESTEN.COM<\/span><\/div>\n<div class=\"col-md-8\" style=\"text-align: center;\"><span style=\"color: #ffffff;\"><a class=\"fancybox fancybox.iframe aviso\" style=\"color: #ffffff;\" href=\"https:\/\/nomolesten.com\/hoteles-con-encanto\/aviso-legal\/\" target=\"_blank\" rel=\"noopener noreferrer\">Aviso legal<\/a>\u00a0|\u00a0<a class=\"fancybox fancybox.iframe aviso\" style=\"color: #ffffff;\" href=\"https:\/\/nomolesten.com\/hoteles-con-encanto\/conocenos\/\" target=\"_blank\" rel=\"noopener noreferrer\">Con\u00f3cenos<\/a>\u00a0|\u00a0<a class=\"fancybox fancybox.iframe aviso\" style=\"color: #ffffff;\" href=\"https:\/\/nomolesten.com\/hoteles-con-encanto\/aviso-cookies\/\" target=\"_blank\" rel=\"noopener noreferrer\">Pol\u00edtica de cookies<\/a><\/span><\/div>\n<p>[\/vc_column_text][\/vc_column][\/vc_row]<\/p>\n","protected":false},"excerpt":{"rendered":"<p>[vc_row full_width=\u00bbstretch_row_content_no_spaces\u00bb parallax=\u00bbcontent-moving\u00bb css=\u00bb.vc_custom_1585584454020{margin-bottom: 40px !important;padding-top: 60px !important;padding-bottom: 60px !important;background: #0a0a0a url(https:\/\/nomolesten.com\/pro\/wp-content\/uploads\/2020\/03\/PRO3-1.jpg?id=106);background-position: center;background-repeat: no-repeat !important;background-size: cover !important;}\u00bb el_id=\u00bbheader-nm\u00bb][vc_column][vc_single_image image=\u00bb17&#8243; img_size=\u00bbfull\u00bb alignment=\u00bbcenter\u00bb css_animation=\u00bbfadeIn\u00bb css=\u00bb.vc_custom_1585497185622{padding-top: 2em !important;padding-right: 2em !important;padding-bottom: 2em !important;padding-left: 2em !important;}\u00bb][vc_custom_heading source=\u00bbpost_title\u00bb font_container=\u00bbtag:h1|font_size:2em|text_align:center|color:%23ffffff\u00bb google_fonts=\u00bbfont_family:Droid%20Sans%3Aregular%2C700|font_style:700%20bold%20regular%3A700%3Anormal\u00bb css_animation=\u00bbfadeIn\u00bb css=\u00bb.vc_custom_1585496762854{margin-bottom: 40px !important;}\u00bb][\/vc_column][\/vc_row][vc_row][vc_column][vc_custom_heading text=\u00bbEst\u00e1s muy cerca de ser Nomolesten\u00bb font_container=\u00bbtag:h2|text_align:center\u00bb use_theme_fonts=\u00bbyes\u00bb][\/vc_column][\/vc_row][vc_row el_id=\u00bbformulario\u00bb][vc_column][vc_column_text] Cumple con nuestros criterios de calidad, donde se [&hellip;]<\/p>\n","protected":false},"author":1,"featured_media":0,"parent":0,"menu_order":0,"comment_status":"closed","ping_status":"open","template":"","meta":[],"yoast_head":"<!-- This site is optimized with the Yoast SEO plugin v15.4 - https:\/\/yoast.com\/wordpress\/plugins\/seo\/ -->\n<title>\u00bfQuieres ver tu alojamiento en Nomolesten? - Nomolesten Pro<\/title>\n<meta name=\"robots\" content=\"index, follow, max-snippet:-1, max-image-preview:large, max-video-preview:-1\" \/>\n<link rel=\"canonical\" href=\"https:\/\/nomolesten.com\/pro\/\" \/>\n<meta property=\"og:locale\" content=\"es_ES\" \/>\n<meta property=\"og:type\" content=\"article\" \/>\n<meta property=\"og:title\" content=\"\u00bfQuieres ver tu alojamiento en Nomolesten? - Nomolesten Pro\" \/>\n<meta property=\"og:description\" content=\"[vc_row full_width=\u00bbstretch_row_content_no_spaces\u00bb parallax=\u00bbcontent-moving\u00bb css=\u00bb.vc_custom_1585584454020{margin-bottom: 40px !important;padding-top: 60px !important;padding-bottom: 60px !important;background: #0a0a0a url(https:\/\/nomolesten.com\/pro\/wp-content\/uploads\/2020\/03\/PRO3-1.jpg?id=106);background-position: center;background-repeat: no-repeat !important;background-size: cover !important;}\u00bb el_id=\u00bbheader-nm\u00bb][vc_column][vc_single_image image=\u00bb17&#8243; img_size=\u00bbfull\u00bb alignment=\u00bbcenter\u00bb css_animation=\u00bbfadeIn\u00bb css=\u00bb.vc_custom_1585497185622{padding-top: 2em !important;padding-right: 2em !important;padding-bottom: 2em !important;padding-left: 2em !important;}\u00bb][vc_custom_heading source=\u00bbpost_title\u00bb font_container=\u00bbtag:h1|font_size:2em|text_align:center|color:%23ffffff\u00bb google_fonts=\u00bbfont_family:Droid%20Sans%3Aregular%2C700|font_style:700%20bold%20regular%3A700%3Anormal\u00bb css_animation=\u00bbfadeIn\u00bb css=\u00bb.vc_custom_1585496762854{margin-bottom: 40px !important;}\u00bb][\/vc_column][\/vc_row][vc_row][vc_column][vc_custom_heading text=\u00bbEst\u00e1s muy cerca de ser Nomolesten\u00bb font_container=\u00bbtag:h2|text_align:center\u00bb use_theme_fonts=\u00bbyes\u00bb][\/vc_column][\/vc_row][vc_row el_id=\u00bbformulario\u00bb][vc_column][vc_column_text] Cumple con nuestros criterios de calidad, donde se [&hellip;]\" \/>\n<meta property=\"og:url\" content=\"https:\/\/nomolesten.com\/pro\/\" \/>\n<meta property=\"og:site_name\" content=\"Nomolesten Pro\" \/>\n<meta property=\"article:modified_time\" content=\"2020-03-30T16:07:48+00:00\" \/>\n<meta name=\"twitter:card\" content=\"summary_large_image\" \/>\n<meta name=\"twitter:label1\" content=\"Escrito por\">\n\t<meta name=\"twitter:data1\" content=\"nomolestenpro\">\n\t<meta name=\"twitter:label2\" content=\"Tiempo de lectura\">\n\t<meta name=\"twitter:data2\" content=\"3 minutos\">\n<script type=\"application\/ld+json\" class=\"yoast-schema-graph\">{\"@context\":\"https:\/\/schema.org\",\"@graph\":[{\"@type\":\"WebSite\",\"@id\":\"https:\/\/nomolesten.com\/pro\/#website\",\"url\":\"https:\/\/nomolesten.com\/pro\/\",\"name\":\"Nomolesten Pro\",\"description\":\"\",\"potentialAction\":[{\"@type\":\"SearchAction\",\"target\":\"https:\/\/nomolesten.com\/pro\/?s={search_term_string}\",\"query-input\":\"required name=search_term_string\"}],\"inLanguage\":\"es\"},{\"@type\":\"WebPage\",\"@id\":\"https:\/\/nomolesten.com\/pro\/#webpage\",\"url\":\"https:\/\/nomolesten.com\/pro\/\",\"name\":\"\\u00bfQuieres ver tu alojamiento en Nomolesten? - Nomolesten Pro\",\"isPartOf\":{\"@id\":\"https:\/\/nomolesten.com\/pro\/#website\"},\"datePublished\":\"2020-02-20T16:14:13+00:00\",\"dateModified\":\"2020-03-30T16:07:48+00:00\",\"inLanguage\":\"es\",\"potentialAction\":[{\"@type\":\"ReadAction\",\"target\":[\"https:\/\/nomolesten.com\/pro\/\"]}]}]}<\/script>\n<!-- \/ Yoast SEO plugin. -->","_links":{"self":[{"href":"https:\/\/nomolesten.com\/pro\/wp-json\/wp\/v2\/pages\/2"}],"collection":[{"href":"https:\/\/nomolesten.com\/pro\/wp-json\/wp\/v2\/pages"}],"about":[{"href":"https:\/\/nomolesten.com\/pro\/wp-json\/wp\/v2\/types\/page"}],"author":[{"embeddable":true,"href":"https:\/\/nomolesten.com\/pro\/wp-json\/wp\/v2\/users\/1"}],"replies":[{"embeddable":true,"href":"https:\/\/nomolesten.com\/pro\/wp-json\/wp\/v2\/comments?post=2"}],"version-history":[{"count":83,"href":"https:\/\/nomolesten.com\/pro\/wp-json\/wp\/v2\/pages\/2\/revisions"}],"predecessor-version":[{"id":107,"href":"https:\/\/nomolesten.com\/pro\/wp-json\/wp\/v2\/pages\/2\/revisions\/107"}],"wp:attachment":[{"href":"https:\/\/nomolesten.com\/pro\/wp-json\/wp\/v2\/media?parent=2"}],"curies":[{"name":"wp","href":"https:\/\/api.w.org\/{rel}","templated":true}]}}